{"id":46,"date":"2022-05-24T09:20:12","date_gmt":"2022-05-24T12:20:12","guid":{"rendered":"http:\/\/klevr.com.br\/democemi\/?page_id=46"},"modified":"2022-07-01T18:47:34","modified_gmt":"2022-07-01T21:47:34","slug":"estude-no-cemi","status":"publish","type":"page","link":"https:\/\/cemigama.com.br\/index.php\/estude-no-cemi\/","title":{"rendered":"Estude no CEMI"},"content":{"rendered":"\n<p>O processo de admiss\u00e3o para o CEMI se d\u00e1 atrav\u00e9s de sorteio, cujo cadastro do aluno dever\u00e1 ser realizado junto \u00e0 Secretaria de Estado e Educa\u00e7\u00e3o do Distrito Federal. Os alunos contemplados com a vaga de estudo dever\u00e3o dirigir-se, junto de seus respons\u00e1veis, \u00e0 secretaria da escola, munidos de documenta\u00e7\u00e3o e de certificado de conclus\u00e3o do ensino b\u00e1sico, para efetua\u00e7\u00e3o da matr\u00edcula. <\/p>\n","protected":false},"excerpt":{"rendered":"<p>O processo de admiss\u00e3o para o CEMI se d\u00e1 atrav\u00e9s de sorteio, cujo cadastro do aluno dever\u00e1 ser realizado junto \u00e0 Secretaria de Estado e Educa\u00e7\u00e3o do Distrito Federal. Os alunos contemplados com a vaga de estudo dever\u00e3o dirigir-se, junto de seus respons\u00e1veis, \u00e0 secretaria da escola, munidos de documenta\u00e7\u00e3o e de certificado de conclus\u00e3o &#8230; <a title=\"Estude no CEMI\" class=\"read-more\" href=\"https:\/\/cemigama.com.br\/index.php\/estude-no-cemi\/\" aria-label=\"More on Estude no CEMI\">Ler mais<\/a><\/p>\n","protected":false},"author":1,"featured_media":0,"parent":0,"menu_order":0,"comment_status":"closed","ping_status":"closed","template":"","meta":{"om_disable_all_campaigns":false,"_monsterinsights_skip_tracking":false,"_monsterinsights_sitenote_active":false,"_monsterinsights_sitenote_note":"","_monsterinsights_sitenote_category":0,"footnotes":""},"class_list":["post-46","page","type-page","status-publish"],"aioseo_notices":[],"_links":{"self":[{"href":"https:\/\/cemigama.com.br\/index.php\/wp-json\/wp\/v2\/pages\/46","targetHints":{"allow":["GET"]}}],"collection":[{"href":"https:\/\/cemigama.com.br\/index.php\/wp-json\/wp\/v2\/pages"}],"about":[{"href":"https:\/\/cemigama.com.br\/index.php\/wp-json\/wp\/v2\/types\/page"}],"author":[{"embeddable":true,"href":"https:\/\/cemigama.com.br\/index.php\/wp-json\/wp\/v2\/users\/1"}],"replies":[{"embeddable":true,"href":"https:\/\/cemigama.com.br\/index.php\/wp-json\/wp\/v2\/comments?post=46"}],"version-history":[{"count":2,"href":"https:\/\/cemigama.com.br\/index.php\/wp-json\/wp\/v2\/pages\/46\/revisions"}],"predecessor-version":[{"id":80,"href":"https:\/\/cemigama.com.br\/index.php\/wp-json\/wp\/v2\/pages\/46\/revisions\/80"}],"wp:attachment":[{"href":"https:\/\/cemigama.com.br\/index.php\/wp-json\/wp\/v2\/media?parent=46"}],"curies":[{"name":"wp","href":"https:\/\/api.w.org\/{rel}","templated":true}]}}