{"id":44,"date":"2022-05-24T09:10:59","date_gmt":"2022-05-24T12:10:59","guid":{"rendered":"http:\/\/klevr.com.br\/democemi\/?page_id=44"},"modified":"2022-07-01T21:26:01","modified_gmt":"2022-07-02T00:26:01","slug":"oficinas","status":"publish","type":"page","link":"https:\/\/cemigama.com.br\/index.php\/oficinas\/","title":{"rendered":"Oficinas"},"content":{"rendered":"\n<p>As oficinas s\u00e3o oferecidas como parte do projeto EMTI, ocorrendo no hor\u00e1rio de almo\u00e7o, ocorrendo entre as 13 e 14 horas. <\/p>\n\n\n\n<ul class=\"wp-block-list\"><li>Clube de foguete<\/li><li>Eletrot\u00e9cnica<\/li><li>Leitura de mundo<\/li><li>Intelig\u00eancia artificial<\/li><li>Pilates<\/li><li>Viol\u00e3o b\u00e1sico<\/li><li>Viol\u00e3o avan\u00e7ado<\/li><li>Piano B\u00e1sico I<\/li><li>Piano B\u00e1sico II<\/li><li>M\u00eddias visuais<\/li><li>Leitura Musical<\/li><li>Desenhando com o lado direito do c\u00e9rebro<\/li><li>L\u00edngua portuguesa<\/li><li>Matem\u00e1tica<\/li><li>Forma\u00e7\u00e3o de h\u00e1bitos saud\u00e1veis<\/li><\/ul>\n","protected":false},"excerpt":{"rendered":"<p>As oficinas s\u00e3o oferecidas como parte do projeto EMTI, ocorrendo no hor\u00e1rio de almo\u00e7o, ocorrendo entre as 13 e 14 horas. Clube de foguete Eletrot\u00e9cnica Leitura de mundo Intelig\u00eancia artificial Pilates Viol\u00e3o b\u00e1sico Viol\u00e3o avan\u00e7ado Piano B\u00e1sico I Piano B\u00e1sico II M\u00eddias visuais Leitura Musical Desenhando com o lado direito do c\u00e9rebro L\u00edngua portuguesa Matem\u00e1tica &#8230; <a title=\"Oficinas\" class=\"read-more\" href=\"https:\/\/cemigama.com.br\/index.php\/oficinas\/\" aria-label=\"More on Oficinas\">Ler mais<\/a><\/p>\n","protected":false},"author":1,"featured_media":0,"parent":0,"menu_order":0,"comment_status":"closed","ping_status":"closed","template":"","meta":{"om_disable_all_campaigns":false,"_monsterinsights_skip_tracking":false,"_monsterinsights_sitenote_active":false,"_monsterinsights_sitenote_note":"","_monsterinsights_sitenote_category":0,"footnotes":""},"class_list":["post-44","page","type-page","status-publish"],"aioseo_notices":[],"_links":{"self":[{"href":"https:\/\/cemigama.com.br\/index.php\/wp-json\/wp\/v2\/pages\/44","targetHints":{"allow":["GET"]}}],"collection":[{"href":"https:\/\/cemigama.com.br\/index.php\/wp-json\/wp\/v2\/pages"}],"about":[{"href":"https:\/\/cemigama.com.br\/index.php\/wp-json\/wp\/v2\/types\/page"}],"author":[{"embeddable":true,"href":"https:\/\/cemigama.com.br\/index.php\/wp-json\/wp\/v2\/users\/1"}],"replies":[{"embeddable":true,"href":"https:\/\/cemigama.com.br\/index.php\/wp-json\/wp\/v2\/comments?post=44"}],"version-history":[{"count":2,"href":"https:\/\/cemigama.com.br\/index.php\/wp-json\/wp\/v2\/pages\/44\/revisions"}],"predecessor-version":[{"id":149,"href":"https:\/\/cemigama.com.br\/index.php\/wp-json\/wp\/v2\/pages\/44\/revisions\/149"}],"wp:attachment":[{"href":"https:\/\/cemigama.com.br\/index.php\/wp-json\/wp\/v2\/media?parent=44"}],"curies":[{"name":"wp","href":"https:\/\/api.w.org\/{rel}","templated":true}]}}