{"id":163,"date":"2022-07-12T09:53:51","date_gmt":"2022-07-12T12:53:51","guid":{"rendered":"https:\/\/cemigama.com.br\/?page_id=163"},"modified":"2022-07-12T09:53:52","modified_gmt":"2022-07-12T12:53:52","slug":"cemi-na-midia","status":"publish","type":"page","link":"https:\/\/cemigama.com.br\/index.php\/cemi-na-midia\/","title":{"rendered":"CEMI na m\u00eddia"},"content":{"rendered":"<ul class=\"wp-block-latest-posts__list has-dates wp-block-latest-posts\"><li><a class=\"wp-block-latest-posts__post-title\" href=\"https:\/\/cemigama.com.br\/index.php\/2023\/02\/17\/premio-celebra-jovens-empreendedores-que-olham-para-o-futuro\/\">Pr\u00eamio celebra jovens empreendedores que olham para o futuro<\/a><time datetime=\"2023-02-17T19:00:00-03:00\" class=\"wp-block-latest-posts__post-date\">17 de fevereiro de 2023<\/time><div class=\"wp-block-latest-posts__post-excerpt\">Jovens t\u00eam as mentes repletas de sonhos e ideias. Por\u00e9m, pode ser dif\u00edcil tir\u00e1-los do papel e colocar tudo em pr\u00e1tica. \u00c9 com o objetivo de ajudar o empreendedorismo juvenil que o Sebrae do Distrito Federal fez o projeto \u201cempreendedor do futuro\u201d para capacitar e incentivar a competitividade entre estudantes de 11 escolas p\u00fablicas. Uma &#8230; <a title=\"Pr\u00eamio celebra jovens empreendedores que olham para o futuro\" class=\"read-more\" href=\"https:\/\/cemigama.com.br\/index.php\/2023\/02\/17\/premio-celebra-jovens-empreendedores-que-olham-para-o-futuro\/\" aria-label=\"More on Pr\u00eamio celebra jovens empreendedores que olham para o futuro\">Ler mais<\/a><\/div><\/li>\n<li><a class=\"wp-block-latest-posts__post-title\" href=\"https:\/\/cemigama.com.br\/index.php\/2022\/11\/17\/alunos-do-cemi-gama-fazem-bonito-e-projeto-ambiental-sera-apresentado-fora-do-pais\/\">Alunos do CEMI Gama fazem bonito e projeto ambiental ser\u00e1 apresentado fora do pa\u00eds<\/a><time datetime=\"2022-11-17T12:00:00-03:00\" class=\"wp-block-latest-posts__post-date\">17 de novembro de 2022<\/time><div class=\"wp-block-latest-posts__post-excerpt\">Uma atividade pedag\u00f3gica realizada por alunos(as) do terceiro ano do Ensino M\u00e9dio do Centro de Ensino M\u00e9dio Integrado (CEMI) do Gama ganhou repercuss\u00e3o nacional e at\u00e9 mesmo internacional. Ap\u00f3s participarem da Feira Cient\u00edfica do Instituto MOCAM (Movimento Cient\u00edfico da Amaz\u00f4nia), que tem como objetivo incentivar a ci\u00eancia e apresentar a produ\u00e7\u00e3o cient\u00edfica de alunos da &#8230; <a title=\"Alunos do CEMI Gama fazem bonito e projeto ambiental ser\u00e1 apresentado fora do pa\u00eds\" class=\"read-more\" href=\"https:\/\/cemigama.com.br\/index.php\/2022\/11\/17\/alunos-do-cemi-gama-fazem-bonito-e-projeto-ambiental-sera-apresentado-fora-do-pais\/\" aria-label=\"More on Alunos do CEMI Gama fazem bonito e projeto ambiental ser\u00e1 apresentado fora do pa\u00eds\">Ler mais<\/a><\/div><\/li>\n<li><a class=\"wp-block-latest-posts__post-title\" href=\"https:\/\/cemigama.com.br\/index.php\/2022\/10\/06\/alunos-da-rede-publica-de-ensino-debatem-ciencia-e-inovacao\/\">Alunos da rede p\u00fablica de ensino debatem ci\u00eancia e inova\u00e7\u00e3o<\/a><time datetime=\"2022-10-06T10:42:00-03:00\" class=\"wp-block-latest-posts__post-date\">6 de outubro de 2022<\/time><div class=\"wp-block-latest-posts__post-excerpt\">Cerca de 250 alunos de 13 escolas p\u00fablicas do Distrito Federal se reuniram na manh\u00e3 desta quinta-feira (6), na sede do Minist\u00e9rio P\u00fablico do Distrito Federal e Territ\u00f3rios (MPDFT), para discutir e apresentar iniciativas de ci\u00eancia, tecnologia e inova\u00e7\u00e3o. O encontro&nbsp;Ci\u00eancia em a\u00e7\u00e3o: ferramentas para transformar o mundo, voltado para as tem\u00e1ticas relacionadas \u00e0 pesquisa &#8230; <a title=\"Alunos da rede p\u00fablica de ensino debatem ci\u00eancia e inova\u00e7\u00e3o\" class=\"read-more\" href=\"https:\/\/cemigama.com.br\/index.php\/2022\/10\/06\/alunos-da-rede-publica-de-ensino-debatem-ciencia-e-inovacao\/\" aria-label=\"More on Alunos da rede p\u00fablica de ensino debatem ci\u00eancia e inova\u00e7\u00e3o\">Ler mais<\/a><\/div><\/li>\n<li><a class=\"wp-block-latest-posts__post-title\" href=\"https:\/\/cemigama.com.br\/index.php\/2022\/07\/05\/cemi-e-a-primeira-escola-publica-autossustentavel-do-df\/\">CEMI \u00e9 a primeira escola p\u00fablica autossustent\u00e1vel do DF<\/a><time datetime=\"2022-07-05T20:32:00-03:00\" class=\"wp-block-latest-posts__post-date\">5 de julho de 2022<\/time><div class=\"wp-block-latest-posts__post-excerpt\">Nesta segunda-feira (4), a presidente da Emater-DF, Denise Fonseca, acompanhada de t\u00e9cnicos da empresa, e a secret\u00e1ria de Educa\u00e7\u00e3o, H\u00e9lvia Paranagu\u00e1, visitaram a escola e conferiram o funcionamento do sistema, que foi viabilizado com emenda parlamentar. O Centro de Ensino M\u00e9dio Integrado \u00e0 Educa\u00e7\u00e3o Profissional (Cemi), localizado no Gama, \u00e9 a primeira escola p\u00fablica no &#8230; <a title=\"CEMI \u00e9 a primeira escola p\u00fablica autossustent\u00e1vel do DF\" class=\"read-more\" href=\"https:\/\/cemigama.com.br\/index.php\/2022\/07\/05\/cemi-e-a-primeira-escola-publica-autossustentavel-do-df\/\" aria-label=\"More on CEMI \u00e9 a primeira escola p\u00fablica autossustent\u00e1vel do DF\">Ler mais<\/a><\/div><\/li>\n<li><a class=\"wp-block-latest-posts__post-title\" href=\"https:\/\/cemigama.com.br\/index.php\/2022\/04\/12\/estudantes-do-cemi-gama-poderao-estudar-alemao-a-partir-de-2022\/\">Estudantes do CEMI Gama poder\u00e3o estudar alem\u00e3o a partir de 2022<\/a><time datetime=\"2022-04-12T20:39:17-03:00\" class=\"wp-block-latest-posts__post-date\">12 de abril de 2022<\/time><div class=\"wp-block-latest-posts__post-excerpt\">A partir de 2022, o Centro de Ensino M\u00e9dio Integrado \u00e0 Educa\u00e7\u00e3o Profissional e T\u00e9cnica (CEMI) se tornar\u00e1 a nova escola intercultural bilingue do Distrito Federal. O termo de coopera\u00e7\u00e3o entre a Secretaria de Educa\u00e7\u00e3o e o Instituto Goethe Bras\u00edlia, que proporcionar\u00e1 aos 437 estudantes da escola o estudo do alem\u00e3o. Leia mais em agenciabrasilia.df.gov.br<\/div><\/li>\n<\/ul>","protected":false},"excerpt":{"rendered":"","protected":false},"author":1,"featured_media":0,"parent":0,"menu_order":0,"comment_status":"closed","ping_status":"closed","template":"","meta":{"om_disable_all_campaigns":false,"_monsterinsights_skip_tracking":false,"_monsterinsights_sitenote_active":false,"_monsterinsights_sitenote_note":"","_monsterinsights_sitenote_category":0,"footnotes":""},"class_list":["post-163","page","type-page","status-publish"],"aioseo_notices":[],"_links":{"self":[{"href":"https:\/\/cemigama.com.br\/index.php\/wp-json\/wp\/v2\/pages\/163","targetHints":{"allow":["GET"]}}],"collection":[{"href":"https:\/\/cemigama.com.br\/index.php\/wp-json\/wp\/v2\/pages"}],"about":[{"href":"https:\/\/cemigama.com.br\/index.php\/wp-json\/wp\/v2\/types\/page"}],"author":[{"embeddable":true,"href":"https:\/\/cemigama.com.br\/index.php\/wp-json\/wp\/v2\/users\/1"}],"replies":[{"embeddable":true,"href":"https:\/\/cemigama.com.br\/index.php\/wp-json\/wp\/v2\/comments?post=163"}],"version-history":[{"count":1,"href":"https:\/\/cemigama.com.br\/index.php\/wp-json\/wp\/v2\/pages\/163\/revisions"}],"predecessor-version":[{"id":164,"href":"https:\/\/cemigama.com.br\/index.php\/wp-json\/wp\/v2\/pages\/163\/revisions\/164"}],"wp:attachment":[{"href":"https:\/\/cemigama.com.br\/index.php\/wp-json\/wp\/v2\/media?parent=163"}],"curies":[{"name":"wp","href":"https:\/\/api.w.org\/{rel}","templated":true}]}}